{"id":457,"date":"2025-09-18T03:45:27","date_gmt":"2025-09-18T03:45:27","guid":{"rendered":"http:\/\/source.wpopal.com\/unita\/contact-us\/"},"modified":"2025-11-02T16:51:35","modified_gmt":"2025-11-02T16:51:35","slug":"contact-us","status":"publish","type":"page","link":"https:\/\/romarbre.com\/ar\/contact-us\/","title":{"rendered":"\u0627\u062a\u0635\u0644 \u0628\u0646\u0627"},"content":{"rendered":"<div data-elementor-type=\"wp-page\" data-elementor-id=\"457\" class=\"elementor elementor-457\">\n\t\t\t\t<div class=\"elementor-element elementor-element-ea99b9a e-flex e-con-boxed e-con e-parent\" data-id=\"ea99b9a\" data-element_type=\"container\">\n\t\t\t\t\t<div class=\"e-con-inner\">\n\t\t\t\t<div class=\"elementor-element elementor-element-6ee2a78 elementor-position-left elementor-view-default icon-box-style-default elementor-vertical-align-top elementor-widget elementor-widget-unita-icon-box\" data-id=\"6ee2a78\" data-element_type=\"widget\" data-widget_type=\"unita-icon-box.default\">\n\t\t\t\t<div class=\"elementor-widget-container\">\n\t\t\t\t\t        <div class=\"elementor-icon-box-wrapper\">\n                    <div class=\"elementor-icon-box-icon\">\n            <span class=\"elementor-icon elementor-animation-\" >\n            <svg xmlns=\"http:\/\/www.w3.org\/2000\/svg\" viewbox=\"0 0 7 7\"><g fill=\"none\" class=\"nc-icon-wrapper\"><path d=\"M0 0H7V7H5V2H0V0Z\" fill=\"currentColor\"><\/path><\/g><\/svg>            <\/span>\n            <\/div>\n                <div class=\"elementor-icon-box-content\">\n        <div class=\"title-content\">\n                    <h4 class=\"elementor-icon-box-title\">\n            <span   >\n            \u0627\u062a\u0635\u0644 \u0628\u0646\u0627            <\/span>\n            <\/h4>\n                \n                <\/div>\n        <\/div>\n        <\/div>\n        \t\t\t\t<\/div>\n\t\t\t\t<\/div>\n\t\t\t\t<div class=\"elementor-element elementor-element-3ebd6b5 elementor-widget__width-initial heading-effect-no elementor-widget elementor-widget-heading\" data-id=\"3ebd6b5\" data-element_type=\"widget\" data-widget_type=\"heading.default\">\n\t\t\t\t\t<h2 class=\"elementor-heading-title elementor-size-default\">Besoin d\u2019assistance pour vos projets de marbre et carrelage ?<\/h2>\t\t\t\t<\/div>\n\t\t\t\t<div class=\"elementor-element elementor-element-370d97b elementor-widget__width-initial elementor-widget elementor-widget-text-editor\" data-id=\"370d97b\" data-element_type=\"widget\" data-widget_type=\"text-editor.default\">\n\t\t\t\t\t\t\t\t\t<p>\u062d\u0627\u0644\u0645\u0627 \u064a\u062e\u0631\u062c \u0627\u0644\u0631\u062e\u0627\u0645 \u0645\u0646 \u0623\u062d\u0636\u0627\u0646 \u0627\u0644\u0623\u0631\u0636\u060c \u064a\u0628\u062f\u0623 \u0631\u062d\u0644\u0629 \u0627\u0644\u062a\u062d\u0648\u0644 \u0628\u0642\u064a\u0627\u062f\u0629 \u062a\u0642\u0646\u064a\u0627\u062a\u0646\u0627 \u0627\u0644\u0645\u0628\u062a\u0643\u0631\u0629 \u0648\u0623\u064a\u062f\u064a \u062d\u0631\u0641\u064a\u064a\u0646\u0627 \u0627\u0644\u0645\u0627\u0647\u0631\u0629\u060c \u0627\u0644\u062a\u064a \u062a\u062d\u0648\u0651\u0644 \u0627\u0644\u062d\u062c\u0631 \u0627\u0644\u062e\u0627\u0645 \u0628\u0639\u0646\u0627\u064a\u0629 \u0625\u0644\u0649 \u0642\u0637\u0639 \u0627\u0633\u062a\u062b\u0646\u0627\u0626\u064a\u0629.<\/p>\t\t\t\t\t\t\t\t<\/div>\n\t\t<div class=\"elementor-element elementor-element-05c18a2 e-flex e-con-boxed e-con e-child\" data-id=\"05c18a2\" data-element_type=\"container\">\n\t\t\t\t\t<div class=\"e-con-inner\">\n\t\t\t\t<div class=\"elementor-element elementor-element-3c88139 elementor-widget__width-initial icon-box-style-default elementor-vertical-align-top elementor-widget elementor-widget-unita-icon-box\" data-id=\"3c88139\" data-element_type=\"widget\" data-widget_type=\"unita-icon-box.default\">\n\t\t\t\t<div class=\"elementor-widget-container\">\n\t\t\t\t\t        <div class=\"elementor-icon-box-wrapper\">\n                <div class=\"elementor-icon-box-content\">\n        <div class=\"title-content\">\n                    <h4 class=\"elementor-icon-box-title\">\n            <span   >\n            Adresse            <\/span>\n            <\/h4>\n                            <p class=\"elementor-icon-box-description\">\n                \u0643\u0645 20 \u0637\u0631\u064a\u0642 \u0627\u0644\u062c\u062f\u064a\u062f\u0629 \u0627\u0644\u062e\u064a\u0627\u0637\u060c \u0627\u0644\u062f\u0627\u0631 \u0627\u0644\u0628\u064a\u0636\u0627\u0621\u060c \u0627\u0644\u0645\u063a\u0631\u0628            <\/p>\n        \n                <\/div>\n        <\/div>\n        <\/div>\n        \t\t\t\t<\/div>\n\t\t\t\t<\/div>\n\t\t\t\t<div class=\"elementor-element elementor-element-cbb1b2a elementor-widget__width-auto elementor-widget-tablet_extra__width-initial icon-box-style-default elementor-vertical-align-top elementor-widget elementor-widget-unita-icon-box\" data-id=\"cbb1b2a\" data-element_type=\"widget\" data-widget_type=\"unita-icon-box.default\">\n\t\t\t\t<div class=\"elementor-widget-container\">\n\t\t\t\t\t        <div class=\"elementor-icon-box-wrapper\">\n                <div class=\"elementor-icon-box-content\">\n        <div class=\"title-content\">\n                    <h4 class=\"elementor-icon-box-title\">\n            <span   >\n            Aide            <\/span>\n            <\/h4>\n                            <p class=\"elementor-icon-box-description\">\n                +(212) 6 55 60 01 62\n+(212) 6 61 73 13 61\n+(212) 6 60 65 77 46            <\/p>\n        \n                    <p class=\"elementor-icon-box-description-2\">\n                Contact@romarbre.com            <\/p>\n                <\/div>\n        <\/div>\n        <\/div>\n        \t\t\t\t<\/div>\n\t\t\t\t<\/div>\n\t\t\t\t\t<\/div>\n\t\t\t\t<\/div>\n\t\t<div class=\"elementor-element elementor-element-f6ca7a7 e-con-full e-flex e-con e-child\" data-id=\"f6ca7a7\" data-element_type=\"container\">\n\t\t<div class=\"elementor-element elementor-element-85d1355 e-con-full e-flex e-con e-child\" data-id=\"85d1355\" data-element_type=\"container\">\n\t\t\t\t<div class=\"elementor-element elementor-element-c9d635d elementor-widget elementor-widget-image\" data-id=\"c9d635d\" data-element_type=\"widget\" data-widget_type=\"image.default\">\n\t\t\t\t\t\t\t\t\t\t\t\t\t\t\t<img fetchpriority=\"high\" decoding=\"async\" width=\"640\" height=\"420\" src=\"https:\/\/romarbre.com\/wp-content\/uploads\/2025\/09\/contact.jpg\" class=\"attachment-full size-full wp-image-544\" alt=\"\" srcset=\"https:\/\/romarbre.com\/wp-content\/uploads\/2025\/09\/contact.jpg 640w, https:\/\/romarbre.com\/wp-content\/uploads\/2025\/09\/contact-300x197.jpg 300w, https:\/\/romarbre.com\/wp-content\/uploads\/2025\/09\/contact-600x394.jpg 600w\" sizes=\"(max-width: 640px) 100vw, 640px\" \/>\t\t\t\t\t\t\t\t\t\t\t\t\t\t\t<\/div>\n\t\t\t\t<\/div>\n\t\t<div class=\"elementor-element elementor-element-a458b4c e-con-full e-flex e-con e-child\" data-id=\"a458b4c\" data-element_type=\"container\">\n\t\t\t\t<div class=\"elementor-element elementor-element-59ba343 heading-effect-no elementor-widget elementor-widget-heading\" data-id=\"59ba343\" data-element_type=\"widget\" data-widget_type=\"heading.default\">\n\t\t\t\t\t<h2 class=\"elementor-heading-title elementor-size-default\">Comment pouvons-nous vous aider ?<\/h2>\t\t\t\t<\/div>\n\t\t\t\t<div class=\"elementor-element elementor-element-c9004d8 elementor-widget elementor-widget-text-editor\" data-id=\"c9004d8\" data-element_type=\"widget\" data-widget_type=\"text-editor.default\">\n\t\t\t\t\t\t\t\t\t<p>Votre adresse e-mail ne sera pas publi\u00e9e. Les champs obligatoires sont indiqu\u00e9s par *<\/p>\t\t\t\t\t\t\t\t<\/div>\n\t\t\t\t<div class=\"elementor-element elementor-element-5df9ec6 elementor-widget elementor-widget-unita-contactform\" data-id=\"5df9ec6\" data-element_type=\"widget\" data-widget_type=\"unita-contactform.default\">\n\t\t\t\t<div class=\"elementor-widget-container\">\n\t\t\t\t\t\n<div class=\"wpcf7 no-js\" id=\"wpcf7-f13-o1\" lang=\"fr-FR\" dir=\"ltr\" data-wpcf7-id=\"13\">\n<div class=\"screen-reader-response\"><p role=\"status\" aria-live=\"polite\" aria-atomic=\"true\"><\/p> <ul><\/ul><\/div>\n<form action=\"\/ar\/wp-json\/wp\/v2\/pages\/457#wpcf7-f13-o1\" method=\"post\" class=\"wpcf7-form init\" aria-label=\"Formulaire de contact\" novalidate=\"novalidate\" data-status=\"init\" data-trp-original-action=\"\/ar\/wp-json\/wp\/v2\/pages\/457#wpcf7-f13-o1\">\n<fieldset class=\"hidden-fields-container\"><input type=\"hidden\" name=\"_wpcf7\" value=\"13\" \/><input type=\"hidden\" name=\"_wpcf7_version\" value=\"6.1.2\" \/><input type=\"hidden\" name=\"_wpcf7_locale\" value=\"fr_FR\" \/><input type=\"hidden\" name=\"_wpcf7_unit_tag\" value=\"wpcf7-f13-o1\" \/><input type=\"hidden\" name=\"_wpcf7_container_post\" value=\"0\" \/><input type=\"hidden\" name=\"_wpcf7_posted_data_hash\" value=\"\" \/>\n<\/fieldset>\n<label> \u0627\u0633\u0645\u0643\n    <span class=\"wpcf7-form-control-wrap\" data-name=\"your-name\"><input size=\"40\" maxlength=\"400\" class=\"wpcf7-form-control wpcf7-text wpcf7-validates-as-required\" autocomplete=\"name\" aria-required=\"true\" aria-invalid=\"false\" value=\"\" type=\"text\" name=\"your-name\" \/><\/span> <\/label>\n\n<label> \u0628\u0631\u064a\u062f\u0643 \u0627\u0644\u0625\u0644\u0643\u062a\u0631\u0648\u0646\u064a\n    <span class=\"wpcf7-form-control-wrap\" data-name=\"your-email\"><input size=\"40\" maxlength=\"400\" class=\"wpcf7-form-control wpcf7-email wpcf7-validates-as-required wpcf7-text wpcf7-validates-as-email\" autocomplete=\"email\" aria-required=\"true\" aria-invalid=\"false\" value=\"\" type=\"email\" name=\"your-email\" \/><\/span> <\/label>\n\n<label> \u0627\u0644\u0645\u0648\u0636\u0648\u0639\n    <span class=\"wpcf7-form-control-wrap\" data-name=\"your-subject\"><input size=\"40\" maxlength=\"400\" class=\"wpcf7-form-control wpcf7-text wpcf7-validates-as-required\" aria-required=\"true\" aria-invalid=\"false\" value=\"\" type=\"text\" name=\"your-subject\" \/><\/span> <\/label>\n\n<label> \u0631\u0633\u0627\u0644\u062a\u0643 (\u0627\u062e\u062a\u064a\u0627\u0631\u064a)\n    <span class=\"wpcf7-form-control-wrap\" data-name=\"your-message\"><textarea cols=\"40\" rows=\"10\" maxlength=\"2000\" class=\"wpcf7-form-control wpcf7-textarea\" aria-invalid=\"false\" name=\"your-message\"><\/textarea><\/span> <\/label>\n\n<input class=\"wpcf7-form-control wpcf7-submit has-spinner\" type=\"submit\" value=\"\u0625\u0631\u0633\u0627\u0644\" \/><div class=\"wpcf7-response-output\" aria-hidden=\"true\"><\/div>\n<input type=\"hidden\" name=\"trp-form-language\" value=\"ar\"\/><\/form>\n<\/div>\n\t\t\t\t<\/div>\n\t\t\t\t<\/div>\n\t\t\t\t<\/div>\n\t\t\t\t<\/div>\n\t\t\t\t\t<\/div>\n\t\t\t\t<\/div>\n\t\t<div class=\"elementor-element elementor-element-1784d14 e-con-full e-flex e-con e-parent\" data-id=\"1784d14\" data-element_type=\"container\">\n\t\t\t\t<div class=\"elementor-element elementor-element-6014c97 elementor-widget elementor-widget-google_maps\" data-id=\"6014c97\" data-element_type=\"widget\" data-widget_type=\"google_maps.default\">\n\t\t\t\t\t\t\t<div class=\"elementor-custom-embed\">\n\t\t\t<iframe loading=\"lazy\"\n\t\t\t\t\tsrc=\"https:\/\/maps.google.com\/maps?q=Route%20d%27El%20Jadida%2C%20Casablanca%2C%20H974%2BJ35%2C%20Rte%20d%27El%20Jadida%2C%20Casablanca%2020250&#038;t=m&#038;z=10&#038;output=embed&#038;iwloc=near\"\n\t\t\t\t\ttitle=\"Route d&#039;El Jadida, Casablanca, H974+J35, Rte d&#039;El Jadida, Casablanca 20250\"\n\t\t\t\t\taria-label=\"Route d&#039;El Jadida, Casablanca, H974+J35, Rte d&#039;El Jadida, Casablanca 20250\"\n\t\t\t><\/iframe>\n\t\t<\/div>\n\t\t\t\t\t\t<\/div>\n\t\t\t\t<\/div>\n\t\t\t\t<\/div>","protected":false},"excerpt":{"rendered":"<p>Contactez-nous Besoin d\u2019assistance pour vos projets de marbre et carrelage ? D\u00e8s que le marbre \u00e9merge de l\u2019\u00e9treinte de la terre, il entame un voyage de transformation guid\u00e9 par nos techniques innovantes et les mains expertes de nos artisans, qui transforment avec soin la pierre brute en pi\u00e8ces d\u2019exception. Adresse KM 20 ROUTE D&#8217;ELJADIDA ELKHYAYTA [&hellip;]<\/p>","protected":false},"author":1,"featured_media":0,"parent":0,"menu_order":0,"comment_status":"closed","ping_status":"closed","template":"","meta":{"om_disable_all_campaigns":false,"_monsterinsights_skip_tracking":false,"_monsterinsights_sitenote_active":false,"_monsterinsights_sitenote_note":"","_monsterinsights_sitenote_category":0,"footnotes":""},"class_list":["post-457","page","type-page","status-publish","hentry"],"aioseo_notices":[],"_hostinger_reach_plugin_has_subscription_block":false,"_hostinger_reach_plugin_is_elementor":false,"_links":{"self":[{"href":"https:\/\/romarbre.com\/ar\/wp-json\/wp\/v2\/pages\/457","targetHints":{"allow":["GET"]}}],"collection":[{"href":"https:\/\/romarbre.com\/ar\/wp-json\/wp\/v2\/pages"}],"about":[{"href":"https:\/\/romarbre.com\/ar\/wp-json\/wp\/v2\/types\/page"}],"author":[{"embeddable":true,"href":"https:\/\/romarbre.com\/ar\/wp-json\/wp\/v2\/users\/1"}],"replies":[{"embeddable":true,"href":"https:\/\/romarbre.com\/ar\/wp-json\/wp\/v2\/comments?post=457"}],"version-history":[{"count":81,"href":"https:\/\/romarbre.com\/ar\/wp-json\/wp\/v2\/pages\/457\/revisions"}],"predecessor-version":[{"id":4706,"href":"https:\/\/romarbre.com\/ar\/wp-json\/wp\/v2\/pages\/457\/revisions\/4706"}],"wp:attachment":[{"href":"https:\/\/romarbre.com\/ar\/wp-json\/wp\/v2\/media?parent=457"}],"curies":[{"name":"wp","href":"https:\/\/api.w.org\/{rel}","templated":true}]}}