{"id":446,"date":"2025-09-18T03:45:25","date_gmt":"2025-09-18T03:45:25","guid":{"rendered":"http:\/\/source.wpopal.com\/unita\/faqs\/"},"modified":"2025-11-06T11:56:20","modified_gmt":"2025-11-06T11:56:20","slug":"faqs","status":"publish","type":"page","link":"https:\/\/romarbre.com\/ar\/faqs\/","title":{"rendered":"\u0627\u0644\u0623\u0633\u0626\u0644\u0629 \u0627\u0644\u0645\u062a\u0643\u0631\u0631\u0629\u061f"},"content":{"rendered":"<div data-elementor-type=\"wp-page\" data-elementor-id=\"446\" class=\"elementor elementor-446\">\n\t\t\t\t<div class=\"elementor-element elementor-element-fde3360 e-flex e-con-boxed e-con e-parent\" data-id=\"fde3360\" data-element_type=\"container\">\n\t\t\t\t\t<div class=\"e-con-inner\">\n\t\t<div class=\"elementor-element elementor-element-13cef52 e-con-full e-flex e-con e-child\" data-id=\"13cef52\" data-element_type=\"container\" data-settings=\"{&quot;sticky&quot;:&quot;top&quot;,&quot;sticky_on&quot;:[&quot;desktop&quot;,&quot;laptop&quot;,&quot;tablet_extra&quot;,&quot;tablet&quot;,&quot;mobile_extra&quot;],&quot;sticky_parent&quot;:&quot;yes&quot;,&quot;sticky_offset&quot;:30,&quot;sticky_effects_offset&quot;:0}\">\n\t\t\t\t<div class=\"elementor-element elementor-element-3b79e64 elementor-position-top elementor-widget elementor-widget-image-box\" data-id=\"3b79e64\" data-element_type=\"widget\" data-widget_type=\"image-box.default\">\n\t\t\t\t\t<div class=\"elementor-image-box-wrapper\"><figure class=\"elementor-image-box-img\"><img fetchpriority=\"high\" decoding=\"async\" width=\"330\" height=\"340\" src=\"https:\/\/romarbre.com\/wp-content\/uploads\/2025\/09\/fags-image.jpg\" class=\"attachment-full size-full wp-image-2163\" alt=\"\" srcset=\"https:\/\/romarbre.com\/wp-content\/uploads\/2025\/09\/fags-image.jpg 330w, https:\/\/romarbre.com\/wp-content\/uploads\/2025\/09\/fags-image-291x300.jpg 291w\" sizes=\"(max-width: 330px) 100vw, 330px\" \/><\/figure><div class=\"elementor-image-box-content\"><p class=\"elementor-image-box-description\">N\u2019h\u00e9sitez pas \u00e0 nous joindre \u00e0 tout moment si vous avez des questions.<\/p><\/div><\/div>\t\t\t\t<\/div>\n\t\t\t\t<\/div>\n\t\t<div class=\"elementor-element elementor-element-63d40a8 e-con-full e-flex e-con e-child\" data-id=\"63d40a8\" data-element_type=\"container\">\n\t\t\t\t<div class=\"elementor-element elementor-element-7e8c370 elementor-position-left elementor-mobile-position-left elementor-view-default icon-box-style-default elementor-vertical-align-top elementor-widget elementor-widget-unita-icon-box\" data-id=\"7e8c370\" data-element_type=\"widget\" data-widget_type=\"unita-icon-box.default\">\n\t\t\t\t<div class=\"elementor-widget-container\">\n\t\t\t\t\t        <div class=\"elementor-icon-box-wrapper\">\n                    <div class=\"elementor-icon-box-icon\">\n            <span class=\"elementor-icon elementor-animation-\" >\n            <svg xmlns=\"http:\/\/www.w3.org\/2000\/svg\" viewbox=\"0 0 7 7\"><g fill=\"none\" class=\"nc-icon-wrapper\"><path d=\"M0 0H7V7H5V2H0V0Z\" fill=\"currentColor\"><\/path><\/g><\/svg>            <\/span>\n            <\/div>\n                <div class=\"elementor-icon-box-content\">\n        <div class=\"title-content\">\n                    <h4 class=\"elementor-icon-box-title\">\n            <span   >\n            Une question ?            <\/span>\n            <\/h4>\n                \n                <\/div>\n        <\/div>\n        <\/div>\n        \t\t\t\t<\/div>\n\t\t\t\t<\/div>\n\t\t\t\t<div class=\"elementor-element elementor-element-0bd75b1 elementor-widget__width-initial elementor-widget-laptop__width-inherit heading-effect-no elementor-widget elementor-widget-heading\" data-id=\"0bd75b1\" data-element_type=\"widget\" data-widget_type=\"heading.default\">\n\t\t\t\t\t<h2 class=\"elementor-heading-title elementor-size-default\">questions les plus fr\u00e9quentes des clients<\/h2>\t\t\t\t<\/div>\n\t\t<div class=\"elementor-element elementor-element-833b4cb e-con-full e-flex e-con e-child\" data-id=\"833b4cb\" data-element_type=\"container\">\n\t\t\t\t<div class=\"elementor-element elementor-element-4695803 elementor-widget elementor-widget-n-accordion\" data-id=\"4695803\" data-element_type=\"widget\" data-settings=\"{&quot;default_state&quot;:&quot;expanded&quot;,&quot;max_items_expended&quot;:&quot;one&quot;,&quot;n_accordion_animation_duration&quot;:{&quot;unit&quot;:&quot;ms&quot;,&quot;size&quot;:400,&quot;sizes&quot;:[]}}\" data-widget_type=\"nested-accordion.default\">\n\t\t\t\t\t\t\t<div class=\"e-n-accordion\" aria-label=\"Accordion. Open links with Enter or Space, close with Escape, and navigate with Arrow Keys\">\n\t\t\t\t\t\t<details id=\"e-n-accordion-item-7400\" class=\"e-n-accordion-item\" open>\n\t\t\t\t<summary class=\"e-n-accordion-item-title\" data-accordion-index=\"1\" tabindex=\"0\" aria-expanded=\"true\" aria-controls=\"e-n-accordion-item-7400\" >\n\t\t\t\t\t<span class='e-n-accordion-item-title-header'><div class=\"e-n-accordion-item-title-text\"> Conseillez-vous de pr\u00e9voir un surplus de pierre pour les projets ? <\/div><\/span>\n\t\t\t\t\t\t\t<span class='e-n-accordion-item-title-icon'>\n\t\t\t<span class='e-opened' ><i aria-hidden=\"true\" class=\"unita-icon- unita-icon-min-thin\"><\/i><\/span>\n\t\t\t<span class='e-closed'><i aria-hidden=\"true\" class=\"unita-icon- unita-icon-plus-thin\"><\/i><\/span>\n\t\t<\/span>\n\n\t\t\t\t\t\t<\/summary>\n\t\t\t\t<div role=\"region\" aria-labelledby=\"e-n-accordion-item-7400\" class=\"elementor-element elementor-element-57c4dae e-con-full e-flex e-con e-child\" data-id=\"57c4dae\" data-element_type=\"container\">\n\t\t\t\t<div class=\"elementor-element elementor-element-2ffd917 elementor-widget__width-initial elementor-widget-tablet__width-inherit elementor-widget elementor-widget-text-editor\" data-id=\"2ffd917\" data-element_type=\"widget\" data-widget_type=\"text-editor.default\">\n\t\t\t\t\t\t\t\t\t<p>Nos services de design d\u2019int\u00e9rieur couvrent tout ce dont vous avez besoin pour cr\u00e9er un espace \u00e0 la fois \u00e9l\u00e9gant et fonctionnel. Du d\u00e9veloppement du concept initial et de l\u2019am\u00e9nagement de l\u2019espace \u00e0 la s\u00e9lection des couleurs, du mobilier et des cr\u00e9ations sur mesure, nous concr\u00e9tisons votre vision.<\/p>\t\t\t\t\t\t\t\t<\/div>\n\t\t\t\t<\/div>\n\t\t\t\t\t<\/details>\n\t\t\t\t\t\t<details id=\"e-n-accordion-item-7401\" class=\"e-n-accordion-item\" >\n\t\t\t\t<summary class=\"e-n-accordion-item-title\" data-accordion-index=\"2\" tabindex=\"-1\" aria-expanded=\"false\" aria-controls=\"e-n-accordion-item-7401\" >\n\t\t\t\t\t<span class='e-n-accordion-item-title-header'><div class=\"e-n-accordion-item-title-text\"> Comment commander un produit indisponible ? <\/div><\/span>\n\t\t\t\t\t\t\t<span class='e-n-accordion-item-title-icon'>\n\t\t\t<span class='e-opened' ><i aria-hidden=\"true\" class=\"unita-icon- unita-icon-min-thin\"><\/i><\/span>\n\t\t\t<span class='e-closed'><i aria-hidden=\"true\" class=\"unita-icon- unita-icon-plus-thin\"><\/i><\/span>\n\t\t<\/span>\n\n\t\t\t\t\t\t<\/summary>\n\t\t\t\t<div role=\"region\" aria-labelledby=\"e-n-accordion-item-7401\" class=\"elementor-element elementor-element-4a239dc e-con-full e-flex e-con e-child\" data-id=\"4a239dc\" data-element_type=\"container\">\n\t\t\t\t<div class=\"elementor-element elementor-element-f0485a6 elementor-widget__width-initial elementor-widget-tablet__width-inherit elementor-widget elementor-widget-text-editor\" data-id=\"f0485a6\" data-element_type=\"widget\" data-widget_type=\"text-editor.default\">\n\t\t\t\t\t\t\t\t\t<p>Nos services de design d\u2019int\u00e9rieur couvrent tout ce dont vous avez besoin pour cr\u00e9er un espace \u00e0 la fois magnifique et fonctionnel. Du d\u00e9veloppement du concept initial et de l\u2019am\u00e9nagement de l\u2019espace \u00e0 la s\u00e9lection des couleurs, du mobilier et des cr\u00e9ations sur mesure, nous donnons vie \u00e0 votre vision.<\/p>\t\t\t\t\t\t\t\t<\/div>\n\t\t\t\t<\/div>\n\t\t\t\t\t<\/details>\n\t\t\t\t\t\t<details id=\"e-n-accordion-item-7402\" class=\"e-n-accordion-item\" >\n\t\t\t\t<summary class=\"e-n-accordion-item-title\" data-accordion-index=\"3\" tabindex=\"-1\" aria-expanded=\"false\" aria-controls=\"e-n-accordion-item-7402\" >\n\t\t\t\t\t<span class='e-n-accordion-item-title-header'><div class=\"e-n-accordion-item-title-text\"> Quelle est la diff\u00e9rence entre la porcelaine et la pierre ? <\/div><\/span>\n\t\t\t\t\t\t\t<span class='e-n-accordion-item-title-icon'>\n\t\t\t<span class='e-opened' ><i aria-hidden=\"true\" class=\"unita-icon- unita-icon-min-thin\"><\/i><\/span>\n\t\t\t<span class='e-closed'><i aria-hidden=\"true\" class=\"unita-icon- unita-icon-plus-thin\"><\/i><\/span>\n\t\t<\/span>\n\n\t\t\t\t\t\t<\/summary>\n\t\t\t\t<div role=\"region\" aria-labelledby=\"e-n-accordion-item-7402\" class=\"elementor-element elementor-element-89e82cb e-con-full e-flex e-con e-child\" data-id=\"89e82cb\" data-element_type=\"container\">\n\t\t\t\t<div class=\"elementor-element elementor-element-5d425ce elementor-widget__width-initial elementor-widget-tablet__width-inherit elementor-widget elementor-widget-text-editor\" data-id=\"5d425ce\" data-element_type=\"widget\" data-widget_type=\"text-editor.default\">\n\t\t\t\t\t\t\t\t\t<p>Nos services de design d\u2019int\u00e9rieur couvrent tout ce dont vous avez besoin pour cr\u00e9er un espace \u00e0 la fois \u00e9l\u00e9gant et fonctionnel. Du d\u00e9veloppement du concept initial et de l\u2019am\u00e9nagement de l\u2019espace \u00e0 la s\u00e9lection des couleurs, du mobilier et des cr\u00e9ations sur mesure, nous concr\u00e9tisons votre vision.<\/p>\t\t\t\t\t\t\t\t<\/div>\n\t\t\t\t<\/div>\n\t\t\t\t\t<\/details>\n\t\t\t\t\t\t<details id=\"e-n-accordion-item-7403\" class=\"e-n-accordion-item\" >\n\t\t\t\t<summary class=\"e-n-accordion-item-title\" data-accordion-index=\"4\" tabindex=\"-1\" aria-expanded=\"false\" aria-controls=\"e-n-accordion-item-7403\" >\n\t\t\t\t\t<span class='e-n-accordion-item-title-header'><div class=\"e-n-accordion-item-title-text\"> J\u2019ai re\u00e7u de la pierre endommag\u00e9e dans ma commande. Que dois-je faire ? <\/div><\/span>\n\t\t\t\t\t\t\t<span class='e-n-accordion-item-title-icon'>\n\t\t\t<span class='e-opened' ><i aria-hidden=\"true\" class=\"unita-icon- unita-icon-min-thin\"><\/i><\/span>\n\t\t\t<span class='e-closed'><i aria-hidden=\"true\" class=\"unita-icon- unita-icon-plus-thin\"><\/i><\/span>\n\t\t<\/span>\n\n\t\t\t\t\t\t<\/summary>\n\t\t\t\t<div role=\"region\" aria-labelledby=\"e-n-accordion-item-7403\" class=\"elementor-element elementor-element-1557228 e-con-full e-flex e-con e-child\" data-id=\"1557228\" data-element_type=\"container\">\n\t\t\t\t<div class=\"elementor-element elementor-element-90e4503 elementor-widget__width-initial elementor-widget-tablet__width-inherit elementor-widget elementor-widget-text-editor\" data-id=\"90e4503\" data-element_type=\"widget\" data-widget_type=\"text-editor.default\">\n\t\t\t\t\t\t\t\t\t<p>Nos services de design d\u2019int\u00e9rieur couvrent tout ce dont vous avez besoin pour cr\u00e9er un espace \u00e0 la fois esth\u00e9tique et fonctionnel. Du d\u00e9veloppement du concept initial et de l\u2019am\u00e9nagement de l\u2019espace, \u00e0 la s\u00e9lection des couleurs, du mobilier et des cr\u00e9ations sur mesure, nous donnons vie \u00e0 votre vision.<\/p>\t\t\t\t\t\t\t\t<\/div>\n\t\t\t\t<\/div>\n\t\t\t\t\t<\/details>\n\t\t\t\t\t\t<details id=\"e-n-accordion-item-7404\" class=\"e-n-accordion-item\" >\n\t\t\t\t<summary class=\"e-n-accordion-item-title\" data-accordion-index=\"5\" tabindex=\"-1\" aria-expanded=\"false\" aria-controls=\"e-n-accordion-item-7404\" >\n\t\t\t\t\t<span class='e-n-accordion-item-title-header'><div class=\"e-n-accordion-item-title-text\"> J\u2019ai re\u00e7u ma commande, mais des articles sont manquants. Que dois-je faire ? <\/div><\/span>\n\t\t\t\t\t\t\t<span class='e-n-accordion-item-title-icon'>\n\t\t\t<span class='e-opened' ><i aria-hidden=\"true\" class=\"unita-icon- unita-icon-min-thin\"><\/i><\/span>\n\t\t\t<span class='e-closed'><i aria-hidden=\"true\" class=\"unita-icon- unita-icon-plus-thin\"><\/i><\/span>\n\t\t<\/span>\n\n\t\t\t\t\t\t<\/summary>\n\t\t\t\t<div role=\"region\" aria-labelledby=\"e-n-accordion-item-7404\" class=\"elementor-element elementor-element-1c99433 e-con-full e-flex e-con e-child\" data-id=\"1c99433\" data-element_type=\"container\">\n\t\t\t\t<div class=\"elementor-element elementor-element-70483d0 elementor-widget__width-initial elementor-widget-tablet__width-inherit elementor-widget elementor-widget-text-editor\" data-id=\"70483d0\" data-element_type=\"widget\" data-widget_type=\"text-editor.default\">\n\t\t\t\t\t\t\t\t\t<p>Nos services de design d\u2019int\u00e9rieur couvrent tout ce dont vous avez besoin pour cr\u00e9er un espace \u00e0 la fois magnifique et fonctionnel. Du d\u00e9veloppement du concept initial et de l\u2019am\u00e9nagement de l\u2019espace \u00e0 la s\u00e9lection des palettes de couleurs, du mobilier et des designs sur mesure, nous donnons vie \u00e0 votre vision<\/p>\t\t\t\t\t\t\t\t<\/div>\n\t\t\t\t<\/div>\n\t\t\t\t\t<\/details>\n\t\t\t\t\t<\/div>\n\t\t\t\t\t\t<\/div>\n\t\t\t\t<\/div>\n\t\t\t\t<\/div>\n\t\t\t\t\t<\/div>\n\t\t\t\t<\/div>\n\t\t\t\t<\/div>","protected":false},"excerpt":{"rendered":"<p>N\u2019h\u00e9sitez pas \u00e0 nous joindre \u00e0 tout moment si vous avez des questions. Une question ? questions les plus fr\u00e9quentes des clients Conseillez-vous de pr\u00e9voir un surplus de pierre pour les projets ? Nos services de design d\u2019int\u00e9rieur couvrent tout ce dont vous avez besoin pour cr\u00e9er un espace \u00e0 la fois \u00e9l\u00e9gant et fonctionnel. [&hellip;]<\/p>","protected":false},"author":1,"featured_media":0,"parent":0,"menu_order":0,"comment_status":"closed","ping_status":"closed","template":"","meta":{"om_disable_all_campaigns":false,"_monsterinsights_skip_tracking":false,"_monsterinsights_sitenote_active":false,"_monsterinsights_sitenote_note":"","_monsterinsights_sitenote_category":0,"footnotes":""},"class_list":["post-446","page","type-page","status-publish","hentry"],"aioseo_notices":[],"_hostinger_reach_plugin_has_subscription_block":false,"_hostinger_reach_plugin_is_elementor":false,"_links":{"self":[{"href":"https:\/\/romarbre.com\/ar\/wp-json\/wp\/v2\/pages\/446","targetHints":{"allow":["GET"]}}],"collection":[{"href":"https:\/\/romarbre.com\/ar\/wp-json\/wp\/v2\/pages"}],"about":[{"href":"https:\/\/romarbre.com\/ar\/wp-json\/wp\/v2\/types\/page"}],"author":[{"embeddable":true,"href":"https:\/\/romarbre.com\/ar\/wp-json\/wp\/v2\/users\/1"}],"replies":[{"embeddable":true,"href":"https:\/\/romarbre.com\/ar\/wp-json\/wp\/v2\/comments?post=446"}],"version-history":[{"count":6,"href":"https:\/\/romarbre.com\/ar\/wp-json\/wp\/v2\/pages\/446\/revisions"}],"predecessor-version":[{"id":4757,"href":"https:\/\/romarbre.com\/ar\/wp-json\/wp\/v2\/pages\/446\/revisions\/4757"}],"wp:attachment":[{"href":"https:\/\/romarbre.com\/ar\/wp-json\/wp\/v2\/media?parent=446"}],"curies":[{"name":"wp","href":"https:\/\/api.w.org\/{rel}","templated":true}]}}