{"id":4096,"date":"2025-10-02T02:43:06","date_gmt":"2025-10-02T02:43:06","guid":{"rendered":"http:\/\/source.wpopal.com\/unita\/?page_id=4096"},"modified":"2025-11-06T12:00:22","modified_gmt":"2025-11-06T12:00:22","slug":"our-team","status":"publish","type":"page","link":"https:\/\/romarbre.com\/ar\/our-team\/","title":{"rendered":"\u0641\u0631\u064a\u0642\u0646\u0627"},"content":{"rendered":"<div data-elementor-type=\"wp-page\" data-elementor-id=\"4096\" class=\"elementor elementor-4096\">\n\t\t\t\t<div class=\"elementor-element elementor-element-98854a5 e-flex e-con-boxed e-con e-parent\" data-id=\"98854a5\" data-element_type=\"container\">\n\t\t\t\t\t<div class=\"e-con-inner\">\n\t\t<div class=\"elementor-element elementor-element-c52e910 e-con-full e-flex e-con e-child\" data-id=\"c52e910\" data-element_type=\"container\">\n\t\t\t\t<div class=\"elementor-element elementor-element-ea45896 elementor-position-left elementor-view-default icon-box-style-default elementor-vertical-align-top elementor-widget elementor-widget-unita-icon-box\" data-id=\"ea45896\" data-element_type=\"widget\" data-widget_type=\"unita-icon-box.default\">\n\t\t\t\t<div class=\"elementor-widget-container\">\n\t\t\t\t\t        <div class=\"elementor-icon-box-wrapper\">\n                    <div class=\"elementor-icon-box-icon\">\n            <span class=\"elementor-icon elementor-animation-\" >\n            <svg xmlns=\"http:\/\/www.w3.org\/2000\/svg\" viewbox=\"0 0 7 7\"><g fill=\"none\" class=\"nc-icon-wrapper\"><path d=\"M0 0H7V7H5V2H0V0Z\" fill=\"currentColor\"><\/path><\/g><\/svg>            <\/span>\n            <\/div>\n                <div class=\"elementor-icon-box-content\">\n        <div class=\"title-content\">\n                    <h4 class=\"elementor-icon-box-title\">\n            <span   >\n            NOTRE \u00c9QUIPE            <\/span>\n            <\/h4>\n                \n                <\/div>\n        <\/div>\n        <\/div>\n        \t\t\t\t<\/div>\n\t\t\t\t<\/div>\n\t\t\t\t<div class=\"elementor-element elementor-element-f840d3a elementor-widget__width-initial heading-effect-no elementor-widget elementor-widget-heading\" data-id=\"f840d3a\" data-element_type=\"widget\" data-widget_type=\"heading.default\">\n\t\t\t\t\t<h2 class=\"elementor-heading-title elementor-size-default\">Notre \u00e9quipe est toujours l\u00e0 pour vous aider<\/h2>\t\t\t\t<\/div>\n\t\t\t\t<\/div>\n\t\t<div class=\"elementor-element elementor-element-3ef6965 e-con-full e-flex e-con e-child\" data-id=\"3ef6965\" data-element_type=\"container\">\n\t\t\t\t<div class=\"elementor-element elementor-element-d741bd2 elementor-grid-4 elementor-grid-mobile_extra-2 elementor-widget elementor-widget-unita-team\" data-id=\"d741bd2\" data-element_type=\"widget\" data-settings=\"{&quot;column&quot;:&quot;4&quot;,&quot;column_mobile_extra&quot;:&quot;2&quot;,&quot;column_spacing&quot;:{&quot;unit&quot;:&quot;px&quot;,&quot;size&quot;:30,&quot;sizes&quot;:[]},&quot;column_spacing_laptop&quot;:{&quot;unit&quot;:&quot;px&quot;,&quot;size&quot;:&quot;&quot;,&quot;sizes&quot;:[]},&quot;column_spacing_tablet_extra&quot;:{&quot;unit&quot;:&quot;px&quot;,&quot;size&quot;:&quot;&quot;,&quot;sizes&quot;:[]},&quot;column_spacing_tablet&quot;:{&quot;unit&quot;:&quot;px&quot;,&quot;size&quot;:&quot;&quot;,&quot;sizes&quot;:[]},&quot;column_spacing_mobile_extra&quot;:{&quot;unit&quot;:&quot;px&quot;,&quot;size&quot;:&quot;&quot;,&quot;sizes&quot;:[]},&quot;column_spacing_mobile&quot;:{&quot;unit&quot;:&quot;px&quot;,&quot;size&quot;:&quot;&quot;,&quot;sizes&quot;:[]},&quot;row_spacing&quot;:{&quot;unit&quot;:&quot;px&quot;,&quot;size&quot;:30,&quot;sizes&quot;:[]},&quot;row_spacing_laptop&quot;:{&quot;unit&quot;:&quot;px&quot;,&quot;size&quot;:&quot;&quot;,&quot;sizes&quot;:[]},&quot;row_spacing_tablet_extra&quot;:{&quot;unit&quot;:&quot;px&quot;,&quot;size&quot;:&quot;&quot;,&quot;sizes&quot;:[]},&quot;row_spacing_tablet&quot;:{&quot;unit&quot;:&quot;px&quot;,&quot;size&quot;:&quot;&quot;,&quot;sizes&quot;:[]},&quot;row_spacing_mobile_extra&quot;:{&quot;unit&quot;:&quot;px&quot;,&quot;size&quot;:&quot;&quot;,&quot;sizes&quot;:[]},&quot;row_spacing_mobile&quot;:{&quot;unit&quot;:&quot;px&quot;,&quot;size&quot;:&quot;&quot;,&quot;sizes&quot;:[]},&quot;team_height&quot;:{&quot;unit&quot;:&quot;px&quot;,&quot;size&quot;:&quot;&quot;,&quot;sizes&quot;:[]},&quot;team_height_laptop&quot;:{&quot;unit&quot;:&quot;px&quot;,&quot;size&quot;:&quot;&quot;,&quot;sizes&quot;:[]},&quot;team_height_tablet_extra&quot;:{&quot;unit&quot;:&quot;px&quot;,&quot;size&quot;:&quot;&quot;,&quot;sizes&quot;:[]},&quot;team_height_tablet&quot;:{&quot;unit&quot;:&quot;px&quot;,&quot;size&quot;:&quot;&quot;,&quot;sizes&quot;:[]},&quot;team_height_mobile_extra&quot;:{&quot;unit&quot;:&quot;px&quot;,&quot;size&quot;:&quot;&quot;,&quot;sizes&quot;:[]},&quot;team_height_mobile&quot;:{&quot;unit&quot;:&quot;px&quot;,&quot;size&quot;:&quot;&quot;,&quot;sizes&quot;:[]}}\" data-widget_type=\"unita-team.default\">\n\t\t\t\t<div class=\"elementor-widget-container\">\n\t\t\t\t\t        <div class=\"elementor-team-wrapper unita_team-wrapper team-wrapper-style-1 unita-wrapper\">\n            <div data-count=\"4\" class=\"unita-con\">\n                <div class=\"unita-con-inner elementor-grid\">\n                                            <div class=\"elementor-team-item team-style-1\">\n                            \n<div class=\"team-card team-95\">\n    <div class=\"team-media\">\n        <div class=\"team-image\">\n                            <img fetchpriority=\"high\" decoding=\"async\" width=\"640\" height=\"820\" src=\"https:\/\/romarbre.com\/wp-content\/uploads\/2025\/09\/team-7.jpg\" class=\"attachment-full size-full wp-post-image\" alt=\"\" srcset=\"https:\/\/romarbre.com\/wp-content\/uploads\/2025\/09\/team-7.jpg 640w, https:\/\/romarbre.com\/wp-content\/uploads\/2025\/09\/team-7-234x300.jpg 234w, https:\/\/romarbre.com\/wp-content\/uploads\/2025\/09\/team-7-600x769.jpg 600w\" sizes=\"(max-width: 640px) 100vw, 640px\" \/>                    <\/div>\n\n                    <div class=\"team-socials\">\n                                        <a class=\"team-social-link\" href=\"https:\/\/www.facebook.com\/PavoThemes\/\" target=\"_blank\" rel=\"noopener noreferrer\">\n                        <\/a>\n                                            <a class=\"team-social-link\" href=\"https:\/\/x.com\/PavoThemes\/\" target=\"_blank\" rel=\"noopener noreferrer\">\n                        <\/a>\n                                            <a class=\"team-social-link\" href=\"https:\/\/www.instagram.com\/pavothemeswp\/\" target=\"_blank\" rel=\"noopener noreferrer\">\n                        <\/a>\n                                            <a class=\"team-social-link\" href=\"https:\/\/www.pinterest.com\/\" target=\"_blank\" rel=\"noopener noreferrer\">\n                        <\/a>\n                                <\/div>\n            <\/div>\n\n    <div class=\"team-card-content\">\n        <div class=\"team-info\">\n            <h4 class=\"entry-title\"><a href=\"https:\/\/romarbre.com\/ar\/teams\/olivia-brown\/\">Olivia Brown<\/a><\/h4>\n\n            <div class=\"team-job\">Co-Founder &amp; CEO<\/div>        <\/div>\n    <\/div>\n<\/div>                        <\/div>\n                                                <div class=\"elementor-team-item team-style-1\">\n                            \n<div class=\"team-card team-94\">\n    <div class=\"team-media\">\n        <div class=\"team-image\">\n                            <img decoding=\"async\" width=\"640\" height=\"820\" src=\"https:\/\/romarbre.com\/wp-content\/uploads\/2025\/09\/team-6.jpg\" class=\"attachment-full size-full wp-post-image\" alt=\"\" srcset=\"https:\/\/romarbre.com\/wp-content\/uploads\/2025\/09\/team-6.jpg 640w, https:\/\/romarbre.com\/wp-content\/uploads\/2025\/09\/team-6-234x300.jpg 234w, https:\/\/romarbre.com\/wp-content\/uploads\/2025\/09\/team-6-600x769.jpg 600w\" sizes=\"(max-width: 640px) 100vw, 640px\" \/>                    <\/div>\n\n                    <div class=\"team-socials\">\n                                        <a class=\"team-social-link\" href=\"https:\/\/www.facebook.com\/PavoThemes\/\" target=\"_blank\" rel=\"noopener noreferrer\">\n                        <\/a>\n                                            <a class=\"team-social-link\" href=\"https:\/\/x.com\/PavoThemes\/\" target=\"_blank\" rel=\"noopener noreferrer\">\n                        <\/a>\n                                            <a class=\"team-social-link\" href=\"https:\/\/www.instagram.com\/pavothemeswp\/\" target=\"_blank\" rel=\"noopener noreferrer\">\n                        <\/a>\n                                            <a class=\"team-social-link\" href=\"https:\/\/www.linkedin.com\/\" target=\"_blank\" rel=\"noopener noreferrer\">\n                        <\/a>\n                                <\/div>\n            <\/div>\n\n    <div class=\"team-card-content\">\n        <div class=\"team-info\">\n            <h4 class=\"entry-title\"><a href=\"https:\/\/romarbre.com\/ar\/teams\/david-lee\/\">David Lee<\/a><\/h4>\n\n            <div class=\"team-job\">Co-Founder &amp; CEO<\/div>        <\/div>\n    <\/div>\n<\/div>                        <\/div>\n                                                <div class=\"elementor-team-item team-style-1\">\n                            \n<div class=\"team-card team-93\">\n    <div class=\"team-media\">\n        <div class=\"team-image\">\n                            <img decoding=\"async\" width=\"640\" height=\"820\" src=\"https:\/\/romarbre.com\/wp-content\/uploads\/2025\/09\/team-5.jpg\" class=\"attachment-full size-full wp-post-image\" alt=\"\" srcset=\"https:\/\/romarbre.com\/wp-content\/uploads\/2025\/09\/team-5.jpg 640w, https:\/\/romarbre.com\/wp-content\/uploads\/2025\/09\/team-5-234x300.jpg 234w, https:\/\/romarbre.com\/wp-content\/uploads\/2025\/09\/team-5-600x769.jpg 600w\" sizes=\"(max-width: 640px) 100vw, 640px\" \/>                    <\/div>\n\n                    <div class=\"team-socials\">\n                                        <a class=\"team-social-link\" href=\"https:\/\/www.facebook.com\/PavoThemes\/\" target=\"_blank\" rel=\"noopener noreferrer\">\n                        <\/a>\n                                            <a class=\"team-social-link\" href=\"https:\/\/x.com\/PavoThemes\/\" target=\"_blank\" rel=\"noopener noreferrer\">\n                        <\/a>\n                                            <a class=\"team-social-link\" href=\"https:\/\/www.instagram.com\/pavothemeswp\/\" target=\"_blank\" rel=\"noopener noreferrer\">\n                        <\/a>\n                                            <a class=\"team-social-link\" href=\"https:\/\/www.linkedin.com\/\" target=\"_blank\" rel=\"noopener noreferrer\">\n                        <\/a>\n                                <\/div>\n            <\/div>\n\n    <div class=\"team-card-content\">\n        <div class=\"team-info\">\n            <h4 class=\"entry-title\"><a href=\"https:\/\/romarbre.com\/ar\/teams\/isabella-nguyen\/\">Isabella Nguyen<\/a><\/h4>\n\n            <div class=\"team-job\">Co-Founder &amp; CEO<\/div>        <\/div>\n    <\/div>\n<\/div>                        <\/div>\n                                                <div class=\"elementor-team-item team-style-1\">\n                            \n<div class=\"team-card team-92\">\n    <div class=\"team-media\">\n        <div class=\"team-image\">\n                            <img loading=\"lazy\" decoding=\"async\" width=\"640\" height=\"820\" src=\"https:\/\/romarbre.com\/wp-content\/uploads\/2025\/09\/team-4.jpg\" class=\"attachment-full size-full wp-post-image\" alt=\"\" srcset=\"https:\/\/romarbre.com\/wp-content\/uploads\/2025\/09\/team-4.jpg 640w, https:\/\/romarbre.com\/wp-content\/uploads\/2025\/09\/team-4-234x300.jpg 234w, https:\/\/romarbre.com\/wp-content\/uploads\/2025\/09\/team-4-600x769.jpg 600w\" sizes=\"(max-width: 640px) 100vw, 640px\" \/>                    <\/div>\n\n                    <div class=\"team-socials\">\n                                        <a class=\"team-social-link\" href=\"https:\/\/www.facebook.com\/PavoThemes\/\" target=\"_blank\" rel=\"noopener noreferrer\">\n                        <\/a>\n                                            <a class=\"team-social-link\" href=\"https:\/\/x.com\/PavoThemes\/\" target=\"_blank\" rel=\"noopener noreferrer\">\n                        <\/a>\n                                            <a class=\"team-social-link\" href=\"https:\/\/www.instagram.com\/pavothemeswp\/\" target=\"_blank\" rel=\"noopener noreferrer\">\n                        <\/a>\n                                            <a class=\"team-social-link\" href=\"https:\/\/www.linkedin.com\/\" target=\"_blank\" rel=\"noopener noreferrer\">\n                        <\/a>\n                                <\/div>\n            <\/div>\n\n    <div class=\"team-card-content\">\n        <div class=\"team-info\">\n            <h4 class=\"entry-title\"><a href=\"https:\/\/romarbre.com\/ar\/teams\/luca-rossi\/\">Luca Rossi<\/a><\/h4>\n\n            <div class=\"team-job\">Co-Founder &amp; CEO<\/div>        <\/div>\n    <\/div>\n<\/div>                        <\/div>\n                                        <\/div>\n                            <\/div>\n                    <\/div>\n        \t\t\t\t<\/div>\n\t\t\t\t<\/div>\n\t\t\t\t<\/div>\n\t\t\t\t\t<\/div>\n\t\t\t\t<\/div>\n\t\t\t\t<\/div>","protected":false},"excerpt":{"rendered":"<p>NOTRE \u00c9QUIPE Notre \u00e9quipe est toujours l\u00e0 pour vous aider Olivia Brown Co-Founder &amp; CEO David Lee Co-Founder &amp; CEO Isabella Nguyen Co-Founder &amp; CEO Luca Rossi Co-Founder &amp; CEO<\/p>","protected":false},"author":1,"featured_media":0,"parent":0,"menu_order":0,"comment_status":"closed","ping_status":"closed","template":"","meta":{"om_disable_all_campaigns":false,"_monsterinsights_skip_tracking":false,"_monsterinsights_sitenote_active":false,"_monsterinsights_sitenote_note":"","_monsterinsights_sitenote_category":0,"footnotes":""},"class_list":["post-4096","page","type-page","status-publish","hentry"],"aioseo_notices":[],"_hostinger_reach_plugin_has_subscription_block":false,"_hostinger_reach_plugin_is_elementor":false,"_links":{"self":[{"href":"https:\/\/romarbre.com\/ar\/wp-json\/wp\/v2\/pages\/4096","targetHints":{"allow":["GET"]}}],"collection":[{"href":"https:\/\/romarbre.com\/ar\/wp-json\/wp\/v2\/pages"}],"about":[{"href":"https:\/\/romarbre.com\/ar\/wp-json\/wp\/v2\/types\/page"}],"author":[{"embeddable":true,"href":"https:\/\/romarbre.com\/ar\/wp-json\/wp\/v2\/users\/1"}],"replies":[{"embeddable":true,"href":"https:\/\/romarbre.com\/ar\/wp-json\/wp\/v2\/comments?post=4096"}],"version-history":[{"count":3,"href":"https:\/\/romarbre.com\/ar\/wp-json\/wp\/v2\/pages\/4096\/revisions"}],"predecessor-version":[{"id":4763,"href":"https:\/\/romarbre.com\/ar\/wp-json\/wp\/v2\/pages\/4096\/revisions\/4763"}],"wp:attachment":[{"href":"https:\/\/romarbre.com\/ar\/wp-json\/wp\/v2\/media?parent=4096"}],"curies":[{"name":"wp","href":"https:\/\/api.w.org\/{rel}","templated":true}]}}